{"id":15589,"date":"2020-05-29T19:25:02","date_gmt":"2020-05-29T23:25:02","guid":{"rendered":"https:\/\/goemon.cl\/delivery\/?post_type=product&#038;p=15589"},"modified":"2023-09-25T15:07:46","modified_gmt":"2023-09-25T18:07:46","slug":"otono","status":"publish","type":"product","link":"https:\/\/goemon.cl\/delivery\/producto\/otono\/","title":{"rendered":"Oto\u00f1o"},"content":{"rendered":"","protected":false},"excerpt":{"rendered":"<p>Arroz blanco con s\u00e9samo negro, hamburguesa, sake furai (salm\u00f3n apanado en panko), mini vienesa, tamagoyaki y ensalada de papas mayo.<\/p>\n","protected":false},"featured_media":15590,"template":"","meta":[],"_links":{"self":[{"href":"https:\/\/goemon.cl\/delivery\/wp-json\/wp\/v2\/product\/15589"}],"collection":[{"href":"https:\/\/goemon.cl\/delivery\/wp-json\/wp\/v2\/product"}],"about":[{"href":"https:\/\/goemon.cl\/delivery\/wp-json\/wp\/v2\/types\/product"}],"wp:featuredmedia":[{"embeddable":true,"href":"https:\/\/goemon.cl\/delivery\/wp-json\/wp\/v2\/media\/15590"}],"wp:attachment":[{"href":"https:\/\/goemon.cl\/delivery\/wp-json\/wp\/v2\/media?parent=15589"}],"curies":[{"name":"wp","href":"https:\/\/api.w.org\/{rel}","templated":true}]}}