{"id":15591,"date":"2020-05-29T19:25:51","date_gmt":"2020-05-29T23:25:51","guid":{"rendered":"https:\/\/goemon.cl\/delivery\/?post_type=product&#038;p=15591"},"modified":"2023-09-25T15:09:52","modified_gmt":"2023-09-25T18:09:52","slug":"invierno","status":"publish","type":"product","link":"https:\/\/goemon.cl\/delivery\/producto\/invierno\/","title":{"rendered":"Invierno"},"content":{"rendered":"","protected":false},"excerpt":{"rendered":"<p>Arroz blanco con s\u00e9samo negro, ebi y sake furai (camar\u00f3n y salm\u00f3n apanado). Cerdo apanado, tamagoyaki, agenasu y ensalada de papas mayo.<\/p>\n","protected":false},"featured_media":15592,"template":"","meta":[],"_links":{"self":[{"href":"https:\/\/goemon.cl\/delivery\/wp-json\/wp\/v2\/product\/15591"}],"collection":[{"href":"https:\/\/goemon.cl\/delivery\/wp-json\/wp\/v2\/product"}],"about":[{"href":"https:\/\/goemon.cl\/delivery\/wp-json\/wp\/v2\/types\/product"}],"wp:featuredmedia":[{"embeddable":true,"href":"https:\/\/goemon.cl\/delivery\/wp-json\/wp\/v2\/media\/15592"}],"wp:attachment":[{"href":"https:\/\/goemon.cl\/delivery\/wp-json\/wp\/v2\/media?parent=15591"}],"curies":[{"name":"wp","href":"https:\/\/api.w.org\/{rel}","templated":true}]}}